{"id":19204,"date":"2026-04-01T10:38:14","date_gmt":"2026-04-01T17:38:14","guid":{"rendered":"https:\/\/www.heizomat.ca\/formulaire-de-contact-pour-le-bulletin-dinformation\/"},"modified":"2026-04-01T12:58:26","modified_gmt":"2026-04-01T19:58:26","slug":"formulaire-de-contact-pour-le-bulletin-dinformation","status":"publish","type":"page","link":"https:\/\/www.heizomat.ca\/fr\/formulaire-de-contact-pour-le-bulletin-dinformation\/","title":{"rendered":"Formulaire de contact pour le bulletin d&rsquo;information"},"content":{"rendered":"<section class=\"l-section wpb_row us_custom_5fc58ee8 height_large with_img\"><div class=\"l-section-img lazyload\" role=\"img\" data-img-width=\"1644\" data-img-height=\"728\" style=\"background-image:inherit;background-position: top center;background-repeat: no-repeat;\" data-bg-image=\"url(https:\/\/www.heizomat.ca\/wp-content\/uploads\/2025\/07\/Right-For-You-Header.png)\"><\/div><div class=\"l-section-overlay\" style=\"background:rgba(0,0,0,0.2)\"><\/div><div class=\"l-section-h i-cf\"><div class=\"g-cols vc_row via_flex valign_middle type_default stacking_default\"><div class=\"vc_col-sm-12 wpb_column vc_column_container\"><div class=\"vc_column-inner\"><div class=\"wpb_wrapper\"><h1 class=\"w-text us_custom_161c208f has_text_color\"><span class=\"w-text-h\"><span class=\"w-text-value\">Restez connect\u00e9<\/span><\/span><\/h1><\/div><\/div><\/div><\/div><\/div><\/section><section class=\"l-section wpb_row height_medium full_height valign_center\"><div class=\"l-section-h i-cf\"><div class=\"g-cols vc_row via_flex valign_top type_default stacking_default\"><div class=\"vc_col-sm-12 wpb_column vc_column_container\"><div class=\"vc_column-inner\"><div class=\"wpb_wrapper\"><div class=\"wpb_text_column\"><div class=\"wpb_wrapper\"><h3><strong>Inscrivez-vous pour recevoir des courriels.<\/strong><\/h3>\n<p>Nous commencerons par vous envoyer des informations sur<strong>  Le gouvernement f\u00e9d\u00e9ral offre un cr\u00e9dit d&rsquo;imp\u00f4t de 30 % sur les syst\u00e8mes de biomasse.<\/strong><\/p>\n<p>De temps \u00e0 autre, nous vous proposerons des <strong>articles informatifs<\/strong>.<\/p>\n<\/div><\/div><div class=\"wpb_text_column\"><div class=\"wpb_wrapper\"><iframe height=\"600px\" width=\"100%\" frameborder=\"0\" allow=\"geolocation;microphone;camera\" data-src=\"https:\/\/forms.zohopublic.com\/heizomatcanadainc\/form\/NewsletterSignUp\/formperma\/2nAdXIt4S7Og5vzhLpQPBdWqFCRhA_8nxiS5wYAVTeQ\" aria-label=\"Newsletter Sign Up\" src=\"data:image\/svg+xml;base64,PHN2ZyB3aWR0aD0iMSIgaGVpZ2h0PSIxIiB4bWxucz0iaHR0cDovL3d3dy53My5vcmcvMjAwMC9zdmciPjwvc3ZnPg==\" class=\"lazyload\" data-load-mode=\"1\"> <\/iframe>\n<\/div><\/div><\/div><\/div><\/div><\/div><\/div><\/section>\n","protected":false},"excerpt":{"rendered":"Restez connect\u00e9Inscrivez-vous pour recevoir des courriels. Nous commencerons par vous envoyer des informations sur Le gouvernement f\u00e9d\u00e9ral offre un cr\u00e9dit d&rsquo;imp\u00f4t de 30 % sur les syst\u00e8mes de biomasse. De temps \u00e0 autre, nous vous proposerons des articles informatifs.","protected":false},"author":4,"featured_media":6277,"parent":0,"menu_order":0,"comment_status":"closed","ping_status":"closed","template":"","meta":{"_acf_changed":false,"footnotes":""},"class_list":["post-19204","page","type-page","status-publish","has-post-thumbnail","hentry"],"acf":[],"_links":{"self":[{"href":"https:\/\/www.heizomat.ca\/fr\/wp-json\/wp\/v2\/pages\/19204","targetHints":{"allow":["GET"]}}],"collection":[{"href":"https:\/\/www.heizomat.ca\/fr\/wp-json\/wp\/v2\/pages"}],"about":[{"href":"https:\/\/www.heizomat.ca\/fr\/wp-json\/wp\/v2\/types\/page"}],"author":[{"embeddable":true,"href":"https:\/\/www.heizomat.ca\/fr\/wp-json\/wp\/v2\/users\/4"}],"replies":[{"embeddable":true,"href":"https:\/\/www.heizomat.ca\/fr\/wp-json\/wp\/v2\/comments?post=19204"}],"version-history":[{"count":0,"href":"https:\/\/www.heizomat.ca\/fr\/wp-json\/wp\/v2\/pages\/19204\/revisions"}],"wp:featuredmedia":[{"embeddable":true,"href":"https:\/\/www.heizomat.ca\/fr\/wp-json\/wp\/v2\/media\/6277"}],"wp:attachment":[{"href":"https:\/\/www.heizomat.ca\/fr\/wp-json\/wp\/v2\/media?parent=19204"}],"curies":[{"name":"wp","href":"https:\/\/api.w.org\/{rel}","templated":true}]}}