{"id":10709,"date":"2025-07-15T10:09:00","date_gmt":"2025-07-15T17:09:00","guid":{"rendered":"https:\/\/www.heizomat.ca\/tournee-des-chaudieres\/"},"modified":"2025-10-28T09:36:08","modified_gmt":"2025-10-28T16:36:08","slug":"tournee-des-chaudieres","status":"publish","type":"page","link":"https:\/\/www.heizomat.ca\/fr\/chaudieres\/tournee-des-chaudieres\/","title":{"rendered":"Tourn\u00e9e des chaudi\u00e8res"},"content":{"rendered":"<section class=\"l-section wpb_row us_custom_b7dda0df height_huge with_img\"><div class=\"l-section-img lazyload\" role=\"img\" data-img-width=\"1644\" data-img-height=\"526\" style=\"background-image:inherit;background-position: top center;background-repeat: no-repeat;\" data-bg-image=\"url(https:\/\/www.heizomat.ca\/wp-content\/uploads\/2025\/07\/Rectangle-75.png)\"><\/div><div class=\"l-section-overlay\" style=\"background:rgba(0,0,0,0.2)\"><\/div><div class=\"l-section-h i-cf\"><div class=\"g-cols vc_row via_flex valign_middle type_default stacking_default\"><div class=\"vc_col-sm-12 wpb_column vc_column_container\"><div class=\"vc_column-inner\"><div class=\"wpb_wrapper\"><h1 class=\"w-text us_custom_3086828c has_text_color\"><span class=\"w-text-h\"><span class=\"w-text-value\">La tourn\u00e9e des chaudi\u00e8res \u00e0 copeaux de bois &quot;Franc Parler&#039;&#039;<\/span><\/span><\/h1><\/div><\/div><\/div><\/div><\/div><\/section><section class=\"l-section wpb_row height_medium\"><div class=\"l-section-h i-cf\"><div class=\"g-cols vc_row via_flex valign_top type_default stacking_default\"><div class=\"vc_col-sm-12 wpb_column vc_column_container\"><div class=\"vc_column-inner\"><div class=\"wpb_wrapper\"><h2 class=\"w-text us_custom_eb849559\"><span class=\"w-text-h\"><span class=\"w-text-value\">Un guide pratique sur les tenants et aboutissants, les avantages et les inconv\u00e9nients, et pour savoir si c\u2019est fait pour vous?<\/span><\/span><\/h2><div class=\"w-separator size_medium\"><\/div><div class=\"g-cols wpb_row via_flex valign_top type_default stacking_default\"><div class=\"vc_col-sm-12 wpb_column vc_column_container\"><div class=\"vc_column-inner\"><div class=\"wpb_wrapper\"><div class=\"w-video align_center ratio_16x9 has_iframe\"><div class=\"w-video-h\"><iframe title=\"Youtube video player\" data-src=\"\/\/www.youtube.com\/embed\/Fu6XFj_qg_o?autoplay=0&controls=1&origin=https:\/\/www.heizomat.ca\/fr\/&loop=0&mute=0\" allowfullscreen=\"1\" src=\"data:image\/svg+xml;base64,PHN2ZyB3aWR0aD0iMSIgaGVpZ2h0PSIxIiB4bWxucz0iaHR0cDovL3d3dy53My5vcmcvMjAwMC9zdmciPjwvc3ZnPg==\" class=\"lazyload\" data-load-mode=\"1\"><\/iframe><\/div><\/div><div class=\"w-separator size_medium\"><\/div><\/div><\/div><\/div><\/div><div class=\"g-cols wpb_row via_flex valign_top type_default stacking_default\"><div class=\"vc_col-sm-12 wpb_column vc_column_container\"><div class=\"vc_column-inner\"><div class=\"wpb_wrapper\"><h3 class=\"w-text\"><span class=\"w-text-h\"><span class=\"w-text-value\">Dans la vid\u00e9o, vous allez :<\/span><\/span><\/h3><div class=\"wpb_text_column\"><div class=\"wpb_wrapper\"><ul>\n<li>D\u00e9couvrez les avantages par rapport au propane, au mazout et au bois<\/li>\n<li>Comprendre comment ces chaudi\u00e8res s&rsquo;alimentent, se nettoient et se g\u00e8rent elles-m\u00eames<\/li>\n<li>Visitez un syst\u00e8me en fonctionnement<\/li>\n<li>Identifier les \u00e9l\u00e9ments importants d&rsquo;un bon syst\u00e8me s\u00e9curitaire<\/li>\n<li>Appr\u00e9cier les r\u00e9alit\u00e9s de la propri\u00e9t\u00e9<\/li>\n<li>Savoir ce qu&rsquo;il faut rechercher dans un bon syst\u00e8me<\/li>\n<li>\u00catre en mesure de d\u00e9terminer s&rsquo;il s&rsquo;agit d&rsquo;une bonne option de chauffage pour vous<\/li>\n<\/ul>\n<p>Vous trouverez la liste compl\u00e8te des sujets et des horaires des vid\u00e9os sous la vid\u00e9o ci-dessous.<br \/>\nEt bien s\u00fbr, vous pouvez nous contacter <a style=\"color: var(--color-custom-red);\" href=\"https:\/\/www.heizomat.ca\/fr\/contact\/\">ici<\/a> si vous avez d&rsquo;autres questions !<\/p>\n<\/div><\/div><\/div><\/div><\/div><\/div><div class=\"w-separator size_medium\"><\/div><h3 class=\"w-text\"><span class=\"w-text-h\"><span class=\"w-text-value\">Th\u00e8mes et horodatages des vid\u00e9os :<\/span><\/span><\/h3><div class=\"wpb_text_column with_collapsible_content\" data-content-height=\"400px\"><div class=\"wpb_wrapper\"><p>0:00 Introduction et comparaison avec le chauffage au mazout, au propane et au bois<br \/>\n2:12 Avantages du chauffage aux copeaux de bois et \u00e0 la biomasse<br \/>\n3:00 Bref aper\u00e7u de l&rsquo;alimentation automatique, du nettoyage, de l&rsquo;efficacit\u00e9 de plus de 90 % et des commandes connect\u00e9es \u00e0 Internet<\/p>\n<\/div><div class=\"toggle-links align_none\"><button class=\"collapsible-content-more\">Lire la suite<\/button><button class=\"collapsible-content-less\">Lire moins<\/button><\/div><\/div><h3 class=\"w-text\"><span class=\"w-text-h\"><span class=\"w-text-value\">Tourn\u00e9e des chaudi\u00e8res :<\/span><\/span><\/h3><div class=\"wpb_text_column with_collapsible_content\" data-content-height=\"400px\"><div class=\"wpb_wrapper\"><p>4:09 Tr\u00e9mie &#8211; Dimensions, dur\u00e9e de fonctionnement, chargement, comment \u00e9viter les blocages de la vis sans fin<br \/>\n8:00 Alimentation &#8211; Protection contre les retours de flamme, coupe-copeaux int\u00e9gr\u00e9s, conseils pour \u00e9viter les probl\u00e8mes<br \/>\n13:09 Combustion &#8211; Allumage automatique, comment contr\u00f4ler la puissance et l&rsquo;efficacit\u00e9<br \/>\n14:28 Nettoyage &#8211; \u00c9limination automatique des cendres et nettoyage de l&rsquo;\u00e9changeur de chaleur, turbulence pour l&rsquo;efficacit\u00e9<br \/>\n16 :55 Chemin\u00e9e &#8211; ventilateur de gaz de combustion, contr\u00f4le de la pression dans la chambre de combustion<br \/>\n17:53 Panneau de commande &#8211; visuel, types de combustibles illimit\u00e9s, capteur d&rsquo;oxyg\u00e8ne, surveillance et alarmes \u00e0 distance<br \/>\n20:39 R\u00e9sum\u00e9 de la durabilit\u00e9, de la fiabilit\u00e9, de la commodit\u00e9, de plus de 40 ans de d\u00e9veloppement<\/p>\n<\/div><div class=\"toggle-links align_none\"><button class=\"collapsible-content-more\">Lire la suite<\/button><button class=\"collapsible-content-less\">Lire moins<\/button><\/div><\/div><h3 class=\"w-text\"><span class=\"w-text-h\"><span class=\"w-text-value\">Les r\u00e9alit\u00e9s de l&#039;utilisation:<\/span><\/span><\/h3><div class=\"wpb_text_column with_collapsible_content\" data-content-height=\"400px\"><div class=\"wpb_wrapper\"><p>21:28 Taille de la chaudi\u00e8re &#8211; Quelle taille de chaudi\u00e8re est \u00e9conomiquement rentable ?<br \/>\n22:23 Combustible &#8211; Les meilleurs combustibles, o\u00f9 se les procurer, pourquoi les clous et le gravier sont acceptables, les limites de la taille du combustible<br \/>\n24:42 Stockage du combustible &#8211; Br\u00fbler du combustible humide, comment le s\u00e9cher rapidement<br \/>\n25:23 Chargement du bunker &#8211; Chargeur, souffleur de fourrage, tari\u00e8re, camion-benne<br \/>\n26:25 Espace pour la chaudi\u00e8re &#8211; Doit \u00eatre \u00e0 l&rsquo;int\u00e9rieur, option conteneur d&rsquo;exp\u00e9dition<br \/>\n26:41 Attention minimale (pas z\u00e9ro) &#8211; R\u00e9alit\u00e9s du temps n\u00e9cessaire<\/p>\n<\/div><div class=\"toggle-links align_none\"><button class=\"collapsible-content-more\">Lire la suite<\/button><button class=\"collapsible-content-less\">Lire moins<\/button><\/div><\/div><h3 class=\"w-text\"><span class=\"w-text-h\"><span class=\"w-text-value\">Le mot de la fin :<\/span><\/span><\/h3><div class=\"wpb_text_column with_collapsible_content\" data-content-height=\"400px\"><div class=\"wpb_wrapper\"><p>27:21 R\u00e9sum\u00e9 des avantages, connectez-vous avec nous et nos clients pour en savoir plus<\/p>\n<\/div><div class=\"toggle-links align_none\"><button class=\"collapsible-content-more\">Lire la suite<\/button><button class=\"collapsible-content-less\">Lire moins<\/button><\/div><\/div><\/div><\/div><\/div><\/div><\/div><\/section>\n","protected":false},"excerpt":{"rendered":"La tourn\u00e9e des chaudi\u00e8res \u00e0 copeaux de bois &quot;Franc Parler&#039;&#039;Un guide pratique sur les tenants et aboutissants, les avantages et les inconv\u00e9nients, et pour savoir si c\u2019est fait pour vous?Dans la vid\u00e9o, vous allez : D\u00e9couvrez les avantages par rapport au propane, au mazout et au bois Comprendre comment ces chaudi\u00e8res s&rsquo;alimentent, se nettoient et...","protected":false},"author":1,"featured_media":5901,"parent":10925,"menu_order":0,"comment_status":"closed","ping_status":"closed","template":"","meta":{"_acf_changed":false,"footnotes":""},"class_list":["post-10709","page","type-page","status-publish","has-post-thumbnail","hentry"],"acf":[],"_links":{"self":[{"href":"https:\/\/www.heizomat.ca\/fr\/wp-json\/wp\/v2\/pages\/10709","targetHints":{"allow":["GET"]}}],"collection":[{"href":"https:\/\/www.heizomat.ca\/fr\/wp-json\/wp\/v2\/pages"}],"about":[{"href":"https:\/\/www.heizomat.ca\/fr\/wp-json\/wp\/v2\/types\/page"}],"author":[{"embeddable":true,"href":"https:\/\/www.heizomat.ca\/fr\/wp-json\/wp\/v2\/users\/1"}],"replies":[{"embeddable":true,"href":"https:\/\/www.heizomat.ca\/fr\/wp-json\/wp\/v2\/comments?post=10709"}],"version-history":[{"count":0,"href":"https:\/\/www.heizomat.ca\/fr\/wp-json\/wp\/v2\/pages\/10709\/revisions"}],"up":[{"embeddable":true,"href":"https:\/\/www.heizomat.ca\/fr\/wp-json\/wp\/v2\/pages\/10925"}],"wp:featuredmedia":[{"embeddable":true,"href":"https:\/\/www.heizomat.ca\/fr\/wp-json\/wp\/v2\/media\/5901"}],"wp:attachment":[{"href":"https:\/\/www.heizomat.ca\/fr\/wp-json\/wp\/v2\/media?parent=10709"}],"curies":[{"name":"wp","href":"https:\/\/api.w.org\/{rel}","templated":true}]}}